{"id":9675,"date":"2021-01-13T10:37:45","date_gmt":"2021-01-13T09:37:45","guid":{"rendered":"http:\/\/lionsmart.org\/?page_id=9675"},"modified":"2021-08-17T14:05:16","modified_gmt":"2021-08-17T12:05:16","slug":"unternehmensleitbild","status":"publish","type":"page","link":"https:\/\/theimstage.de\/lionsmart2024\/de\/unternehmensleitbild\/","title":{"rendered":"Unternehmensleitbild"},"content":{"rendered":"\n<style type=\"text\/css\" data-created_by=\"avia_inline_auto\" id=\"style-css-av-kirwjcc0-517e44aa695215205a495c2c3b08ee2e\">\n.avia-section.av-kirwjcc0-517e44aa695215205a495c2c3b08ee2e{\nbackground-repeat:no-repeat;\nbackground-image:url(https:\/\/theimstage.de\/lionsmart2024\/wp-content\/uploads\/2020\/12\/LION-Smart-GmbH-Standort.jpg);\nbackground-position:50% 0%;\nbackground-attachment:scroll;\n}\n<\/style>\n<div id='av_section_1'  class='avia-section av-kirwjcc0-517e44aa695215205a495c2c3b08ee2e main_color avia-section-default avia-no-border-styling  avia-builder-el-0  el_before_av_textblock  avia-builder-el-first  ls-hero-img-top-border ls-big-paragraph avia-full-stretch avia-bg-style-scroll av-minimum-height av-minimum-height-50  container_wrap sidebar_right'  data-section-bg-repeat='stretch' data-av_minimum_height_pc='50'><div class='container av-section-cont-open' ><main  role=\"main\" itemprop=\"mainContentOfPage\"  class='template-page content  av-content-small alpha units'><div class='post-entry post-entry-type-page post-entry-9675'><div class='entry-content-wrapper clearfix'>\n\n<style type=\"text\/css\" data-created_by=\"avia_inline_auto\" id=\"style-css-av-kip5jerw-34d0b9932517dd0f3a35ecc08ff854cc\">\n#top .av_textblock_section.av-kip5jerw-34d0b9932517dd0f3a35ecc08ff854cc .avia_textblock{\ncolor:#ffffff;\n}\n<\/style>\n<section  class='av_textblock_section av-kip5jerw-34d0b9932517dd0f3a35ecc08ff854cc'  itemscope=\"itemscope\" itemtype=\"https:\/\/schema.org\/CreativeWork\" ><div class='avia_textblock invalid-custom-class-found ls-big-paragraph av_inherit_color'  itemprop=\"text\" ><h1>Unternehmensleitbild<\/h1>\n<blockquote>\n<p>Wir haben nur eine Welt. Gestalten wir sie.<\/p>\n<\/blockquote>\n<\/div><\/section>\n\n<style type=\"text\/css\" data-created_by=\"avia_inline_auto\" id=\"style-css-av-kionalb1-27dda79f9bd02c3d36b7c4e0a9cf827d\">\n#top .hr.hr-invisible.av-kionalb1-27dda79f9bd02c3d36b7c4e0a9cf827d{\nheight:200px;\n}\n<\/style>\n<div  class='hr av-kionalb1-27dda79f9bd02c3d36b7c4e0a9cf827d hr-invisible  avia-builder-el-2  el_after_av_textblock  avia-builder-el-last '><span class='hr-inner '><span class=\"hr-inner-style\"><\/span><\/span><\/div>\n<\/div><\/div><\/main><!-- close content main element --><\/div><\/div><div id='after_section_1'  class='main_color av_default_container_wrap container_wrap sidebar_right'  ><div class='container av-section-cont-open' ><div class='template-page content  av-content-small alpha units'><div class='post-entry post-entry-type-page post-entry-9675'><div class='entry-content-wrapper clearfix'>\n<style type=\"text\/css\" data-created_by=\"avia_inline_auto\" id=\"style-css-av-khn8v7ar-403e614764c2498f4f387100a8b48689\">\n#top .av_textblock_section.av-khn8v7ar-403e614764c2498f4f387100a8b48689 .avia_textblock{\ncolor:#000000;\n}\n<\/style>\n<section  class='av_textblock_section av-khn8v7ar-403e614764c2498f4f387100a8b48689'  itemscope=\"itemscope\" itemtype=\"https:\/\/schema.org\/CreativeWork\" ><div class='avia_textblock av_inherit_color'  itemprop=\"text\" ><h2>Unsere Mission<\/h2>\n<p>Bei LION Smart glauben wir an nachhaltige Zukunft. Durch unser Engagement im Bereich der Batterieentwicklung tragen wir dazu bei, dass unsere Technologien smarter, effizienter und leistungsst\u00e4rker werden. Wir sind \u00fcberzeugt, dass Fortschritt und Nachhaltigkeit nur gemeinsam existieren k\u00f6nnen und setzen uns daf\u00fcr ein, die Welt mit unseren Ideen zu verbessern und zu gestalten.<\/p>\n<h2>Unsere Werte<\/h2>\n<p>Die treibende Kraft f\u00fcr unsere Unternehmenskultur ist Nachhaltigkeit. Das betrifft nicht nur unsere Forschungs- und Entwicklungsarbeit, sondern auch unser Miteinander. Dabei ist das grunds\u00e4tzliche Ziel all unserer Aktivit\u00e4ten, auf verantwortungsvolle Weise einen Mehrwert zu schaffen. Manchmal ist es ein langer Weg dorthin und es ist schwierig, dieser Verpflichtung gerecht zu werden. Aber am Ende profitieren alle Beteiligten davon, unsere Mitarbeiter, Kunden, Zulieferer und die Umwelt.<\/p>\n<h3>Nachhaltigkeit und Verantwortung<\/h3>\n<p>Unserem Handeln liegt die Verantwortung vor Kunden, Investoren, Zulieferern und Mitarbeitern zugrunde. Wir setzen auf nachhaltige Strategien, um allen Interessen gerecht zu werden.<\/p>\n<h3>Leidenschaft und Innovation<\/h3>\n<p>Unsere Leidenschaft f\u00fcr neue Ideen steckt in jedem unserer Produkte. Denn nur, wenn man sich jeden Tag aufs Neue herausfordert und hinterfragt, kann man langfristig Innovation und Leistung erbringen.<\/p>\n<h3>Kompetenz und Erfahrung<\/h3>\n<p>\u00dcber 10 Jahre Erfahrung im Bereich der Batterieentwicklung sind der Antrieb, der uns vorw\u00e4rts bringt. Wir kultivieren dieses Wissen und schaffen neue Impulse f\u00fcr zuk\u00fcnftige Erfolge.<\/p>\n<h3>Qualit\u00e4t und Sicherheit<\/h3>\n<p>Wir sind geleitet von unserem Streben nach Perfektion. Qualit\u00e4t und Sicherheit sind die Schl\u00fcsselkomponenten, um h\u00f6chsten Anspr\u00fcchen gerecht zu werden.<\/p>\n<\/div><\/section><\/p>\n","protected":false},"excerpt":{"rendered":"","protected":false},"author":1,"featured_media":0,"parent":0,"menu_order":0,"comment_status":"closed","ping_status":"closed","template":"","meta":{"sfsi_plus_gutenberg_text_before_share":"","sfsi_plus_gutenberg_show_text_before_share":"","sfsi_plus_gutenberg_icon_type":"","sfsi_plus_gutenberg_icon_alignemt":"","sfsi_plus_gutenburg_max_per_row":"","footnotes":""},"_links":{"self":[{"href":"https:\/\/theimstage.de\/lionsmart2024\/wp-json\/wp\/v2\/pages\/9675"}],"collection":[{"href":"https:\/\/theimstage.de\/lionsmart2024\/wp-json\/wp\/v2\/pages"}],"about":[{"href":"https:\/\/theimstage.de\/lionsmart2024\/wp-json\/wp\/v2\/types\/page"}],"author":[{"embeddable":true,"href":"https:\/\/theimstage.de\/lionsmart2024\/wp-json\/wp\/v2\/users\/1"}],"replies":[{"embeddable":true,"href":"https:\/\/theimstage.de\/lionsmart2024\/wp-json\/wp\/v2\/comments?post=9675"}],"version-history":[{"count":9,"href":"https:\/\/theimstage.de\/lionsmart2024\/wp-json\/wp\/v2\/pages\/9675\/revisions"}],"predecessor-version":[{"id":15526,"href":"https:\/\/theimstage.de\/lionsmart2024\/wp-json\/wp\/v2\/pages\/9675\/revisions\/15526"}],"wp:attachment":[{"href":"https:\/\/theimstage.de\/lionsmart2024\/wp-json\/wp\/v2\/media?parent=9675"}],"curies":[{"name":"wp","href":"https:\/\/api.w.org\/{rel}","templated":true}]}}