{"id":12396,"date":"2021-02-05T17:24:58","date_gmt":"2021-02-05T16:24:58","guid":{"rendered":"http:\/\/lionsmart.org\/?page_id=12396"},"modified":"2024-02-01T11:12:34","modified_gmt":"2024-02-01T10:12:34","slug":"impressum","status":"publish","type":"page","link":"https:\/\/theimstage.de\/lionsmart2024\/de\/impressum\/","title":{"rendered":"Impressum"},"content":{"rendered":"\n<style type=\"text\/css\" data-created_by=\"avia_inline_auto\" id=\"style-css-av-wa6eek-f94c0ba7b2434c025257c63a91b5e600\">\n#top .av-special-heading.av-wa6eek-f94c0ba7b2434c025257c63a91b5e600{\npadding-bottom:5px;\n}\nbody .av-special-heading.av-wa6eek-f94c0ba7b2434c025257c63a91b5e600 .av-special-heading-tag .heading-char{\nfont-size:25px;\n}\n.av-special-heading.av-wa6eek-f94c0ba7b2434c025257c63a91b5e600 .av-subheading{\nfont-size:15px;\n}\n<\/style>\n<div  class='av-special-heading av-wa6eek-f94c0ba7b2434c025257c63a91b5e600 av-special-heading-h1 blockquote modern-quote  avia-builder-el-0  el_before_av_textblock  avia-builder-el-first '><h1 class='av-special-heading-tag'  itemprop=\"headline\"  >Impressum<\/h1><div class=\"special-heading-border\"><div class=\"special-heading-inner-border\"><\/div><\/div><\/div>\n<section  class='av_textblock_section av-kkshq96q-a7bed21298ae44f1b7444c61da7ffe8a'  itemscope=\"itemscope\" itemtype=\"https:\/\/schema.org\/CreativeWork\" ><div class='avia_textblock'  itemprop=\"text\" ><p><main class=\"template-page content av-content-full alpha units\" role=\"main\"><\/p>\n<div class=\"post-entry post-entry-type-page post-entry-610\">\n<div class=\"entry-content-wrapper clearfix\">\n<p>Verantwortlich f\u00fcr den Inhalt im Sinne des \u00a7 5 TMG:<\/p>\n<div class=\"flex_column av_one_full flex_column_div av-zero-column-padding first avia-builder-el-2 el_after_av_heading el_before_av_hr \">\n<section class=\"av_textblock_section \">\n<div class=\"avia_textblock \">\n<h2>Adresse<\/h2>\n<p>LION Smart GmbH<br \/>\nParkring 11-13<br \/>\n85748 Garching<\/p>\n<p>Telefon: +49 (0)89 360 363 20<br \/>\nFax: +49 (0)89 360 363 269<br \/>\nE-Mail: info@lionsmart.com<br \/>\nWeb: www.lionsmart.com<\/p>\n<h2>Gesch\u00e4ftsf\u00fchrung<\/h2>\n<p>Dr. Joachim Damasky<\/p>\n<h2>Registereintrag<\/h2>\n<p>Amtsgericht M\u00fcnchen<br \/>\nHandelsregister B<br \/>\nHRB 176637<\/p>\n<h2>Umsatzsteuer-ID<\/h2>\n<p>Steuernummer: 143 \/ 157 \/ 61191<\/p>\n<p>USt-ID: DE 262 614 391<\/p>\n<p>Die LION Smart GmbH ist ein Tochterunternehmen der LION E-Mobility AG.<\/p>\n<h2 class=\"mb64 mt16 col-md-9\">Haftungsausschluss<\/h2>\n<div class=\"mb64 mt16 col-md-9\">\n<p>Die Inhalte dieser Webseite wurden anhand verschiedenster, externer Quellen nach bestem Wissen und Gewissen erstellt. F\u00fcr die Richtigkeit, Vollst\u00e4ndigkeit und Aktualit\u00e4t der Inhalte wird keine Gew\u00e4hr \u00fcbernommen.<\/p>\n<div align=\"justify\">Die LION Smart GmbH beh\u00e4lt sich das Recht auf jederzeitige unangek\u00fcndigte \u00c4nderung des Inhaltes dieser Webseite vor.<br \/>\nHaftungsanspr\u00fcche gegen die LION Smart GmbH, welche sich auf Sch\u00e4den materieller oder immaterieller Art beziehen, die durch die Nutzung fehlerhafter oder unvollst\u00e4ndiger Informationen verursacht wurden, sind grunds\u00e4tzlich ausgeschlossen, sofern von der LION Smart GmbH kein nachweislich vors\u00e4tzliches oder grob fahrl\u00e4ssiges Verschulden vorliegt.<br \/>\nDiese Webseite enth\u00e4lt Links zu Webseiten Dritter. Bei der Erstellung der Verkn\u00fcpfungen hat die LION Smart GmbH die jeweiligen Seiten auf Rechtsverletzungen gepr\u00fcft, jedoch hat das Unternehmen keinerlei Einfluss auf die weitere Gestaltung dieser Seiten. Die LION Smart GmbH \u00fcbernimmt dementsprechend keine Haftung f\u00fcr diese externen Links. Ausschlie\u00dflich die jeweiligen Seitenbetreiber sind f\u00fcr die Inhalte verantwortlich und haftbar.<br \/>\nAlle innerhalb des Internetangebotes genannten und durch LION Smart GmbH oder durch Dritte gesch\u00fctzten Marken- und Warenzeichen unterliegen uneingeschr\u00e4nkt den Bestimmungen des jeweils g\u00fcltigen Kennzeichenrechts und den Rechten der jeweiligen eingetragenen Eigent\u00fcmer. Allein aus der blo\u00dfen Nennung ist nicht der Schluss zu ziehen, dass Marken- und Warenzeichen durch Rechte Dritter gesch\u00fctzt sind.<br \/>\nDie Vervielf\u00e4ltigung, Bearbeitung, Verbreitung und jede Art der Verwertung der Inhalte dieser Webseite \u00fcber den privaten Gebrauch hinaus ist ohne schriftliche Zustimmung von der LION Smart GmbH nicht gestattet.<br \/>\nSoweit auf den Webseiten der LION Smart GmbH personenbezogene Daten (beispielsweise Name, Anschrift oder E-Mail-Adresse) erhoben werden, erfolgt dies stets auf freiwilliger Basis. Das Unternehmen verwendet ein Double-Opt-In Verfahren, um Missbrauch vorzubeugen.<br \/>\nDie Nutzung der im Rahmen dieses Disclaimers oder vergleichbarer Angaben ver\u00f6ffentlichten Kontaktdaten wie Postanschriften, Telefonnummern und E-Mail-Adressen durch Dritte zur \u00dcbersendung von nicht ausdr\u00fccklich angeforderten Informationen ist nicht gestattet.<\/div>\n<div align=\"justify\">\n<p>Die LION Smart GmbH ist ein Tochterunternehmen der LION E-Mobility AG.<\/p>\n<h3 class=\"mb64 mt16 col-md-9\">Gender Disclaimer<\/h3>\n<div class=\"mb64 mt16 col-md-9\">\n<p>Aus Gr\u00fcnden der Lesbarkeit wird auf unseren Seiten auf die Verwendung geschlechterspezifischer Sprache verzichtet. Alle Personenbezeichnungen und personenbezogenen Hauptw\u00f6rter gelten gleicherma\u00dfen f\u00fcr weibliche, m\u00e4nnliche und diverse Personen.<\/p>\n<\/div>\n<\/div>\n<div align=\"justify\"><\/div>\n<\/div>\n<\/div>\n<\/section>\n<\/div>\n<\/div>\n<\/div>\n<p><\/main><\/p>\n<p><main class=\"template-page content av-content-full alpha units\" role=\"main\"><\/p>\n<div class=\"post-entry post-entry-type-page post-entry-610\">\n<div class=\"entry-content-wrapper clearfix\">\n<div class=\"flex_column av_one_full flex_column_div av-zero-column-padding first avia-builder-el-2 el_after_av_heading el_before_av_hr \">\n<section class=\"av_textblock_section \">\n<div class=\"avia_textblock \">\n<div class=\"mb64 mt16 col-md-9\">\n<div align=\"justify\">\n<hr \/>\n<\/div>\n<div align=\"justify\">Copyright \u00a9 2009-2023 LION Smart GmbH. All Rights Reserved.<\/div>\n<\/div>\n<\/div>\n<\/section>\n<\/div>\n<div class=\"flex_column av_one_full flex_column_div av-zero-column-padding first avia-builder-el-5 el_after_av_hr avia-builder-el-last \">\n<section class=\"av_textblock_section \">\n<div class=\"avia_textblock \"><\/div>\n<\/section>\n<\/div>\n<\/div>\n<\/div>\n<p><\/main><\/p>\n<\/div><\/section>\n","protected":false},"excerpt":{"rendered":"","protected":false},"author":2,"featured_media":0,"parent":0,"menu_order":0,"comment_status":"closed","ping_status":"closed","template":"","meta":{"sfsi_plus_gutenberg_text_before_share":"","sfsi_plus_gutenberg_show_text_before_share":"","sfsi_plus_gutenberg_icon_type":"","sfsi_plus_gutenberg_icon_alignemt":"","sfsi_plus_gutenburg_max_per_row":"","footnotes":""},"_links":{"self":[{"href":"https:\/\/theimstage.de\/lionsmart2024\/wp-json\/wp\/v2\/pages\/12396"}],"collection":[{"href":"https:\/\/theimstage.de\/lionsmart2024\/wp-json\/wp\/v2\/pages"}],"about":[{"href":"https:\/\/theimstage.de\/lionsmart2024\/wp-json\/wp\/v2\/types\/page"}],"author":[{"embeddable":true,"href":"https:\/\/theimstage.de\/lionsmart2024\/wp-json\/wp\/v2\/users\/2"}],"replies":[{"embeddable":true,"href":"https:\/\/theimstage.de\/lionsmart2024\/wp-json\/wp\/v2\/comments?post=12396"}],"version-history":[{"count":10,"href":"https:\/\/theimstage.de\/lionsmart2024\/wp-json\/wp\/v2\/pages\/12396\/revisions"}],"predecessor-version":[{"id":17661,"href":"https:\/\/theimstage.de\/lionsmart2024\/wp-json\/wp\/v2\/pages\/12396\/revisions\/17661"}],"wp:attachment":[{"href":"https:\/\/theimstage.de\/lionsmart2024\/wp-json\/wp\/v2\/media?parent=12396"}],"curies":[{"name":"wp","href":"https:\/\/api.w.org\/{rel}","templated":true}]}}